{"id":15,"date":"2019-05-24T22:16:02","date_gmt":"2019-05-24T19:16:02","guid":{"rendered":"http:\/\/demo.cizoglubilisim.com\/KRadio-1\/?page_id=15"},"modified":"2025-12-20T00:18:02","modified_gmt":"2025-12-19T21:18:02","slug":"yayin-akisi","status":"publish","type":"page","link":"https:\/\/radyodilhun.com\/index.php\/yayin-akisi\/","title":{"rendered":"Yay\u0131n Ak\u0131\u015f\u0131"},"content":{"rendered":"<div id=\"pl-15\"  class=\"panel-layout\" ><div id=\"pg-15-0\"  class=\"panel-grid panel-has-style k-radio-container-full\" ><div class=\"siteorigin-panels-stretch panel-row-style panel-row-style-for-15-0\" data-stretch-type=\"full\" ><div id=\"pgc-15-0-0\"  class=\"panel-grid-cell\" ><div id=\"panel-15-0-0-0\" class=\"so-panel widget widget_sow-image panel-first-child panel-last-child\" data-index=\"0\" ><div\n\t\t\t\n\t\t\tclass=\"so-widget-sow-image so-widget-sow-image-default-334eeca80698-15\"\n\t\t\t\n\t\t>\n<div class=\"sow-image-container\">\n\t\t<img \n\tsrc=\"https:\/\/radyodilhun.com\/wp-content\/uploads\/2019\/05\/yak.jpg\" width=\"2145\" height=\"334\" srcset=\"https:\/\/radyodilhun.com\/wp-content\/uploads\/2019\/05\/yak.jpg 2145w, https:\/\/radyodilhun.com\/wp-content\/uploads\/2019\/05\/yak-300x47.jpg 300w, https:\/\/radyodilhun.com\/wp-content\/uploads\/2019\/05\/yak-1024x159.jpg 1024w, https:\/\/radyodilhun.com\/wp-content\/uploads\/2019\/05\/yak-768x120.jpg 768w, https:\/\/radyodilhun.com\/wp-content\/uploads\/2019\/05\/yak-1536x239.jpg 1536w, https:\/\/radyodilhun.com\/wp-content\/uploads\/2019\/05\/yak-2048x319.jpg 2048w\" sizes=\"(max-width: 2145px) 100vw, 2145px\" alt=\"\" \t\tclass=\"so-widget-image\"\/>\n\t<\/div>\n\n<\/div><\/div><\/div><\/div><\/div><div id=\"pg-15-1\"  class=\"panel-grid panel-has-style k-radio-container\" ><div class=\"panel-row-style panel-row-style-for-15-1\" ><div id=\"pgc-15-1-0\"  class=\"panel-grid-cell\" ><div id=\"panel-15-1-0-0\" class=\"so-panel widget widget_kradio_baslik panel-first-child\" data-index=\"1\" >\r\n    <style scope>\r\n        .baslik-69dc219f94bec {\r\n            color: #3f3f3f ;\r\n            font-size: 32px;\r\n            font-weight: 700;\r\n            letter-spacing: 8px;\r\n            display: flex;\r\n            align-items: center;\r\n            white-space: nowrap;\r\n        }\r\n\r\n        .baslik-69dc219f94bec:after {\r\n            content: \"\";\r\n            position: relative;\r\n            display: flex;\r\n            height: 7px;\r\n            align-items: center;\r\n            width: 100%;\r\n            background: #8bc34a;\r\n            border-radius: 4px;\r\n        }\r\n\r\n        .baslik-player-69dc219f94bec{\r\n            color:#8bc34a;\r\n            font-size:50px;\r\n\r\n        }\r\n    <\/style>\r\n\r\n\r\n <div class=\"KRadio_Baslik baslik-69dc219f94bec\">\r\n <span class=\"icon-if_control-play_1288804 baslik-player-69dc219f94bec\"><\/span>\r\nYAYIN AKI\u015eI    <\/div>\r\n\r\n        <\/div><div id=\"panel-15-1-0-1\" class=\"so-panel widget widget_kradio_yayinakisi panel-last-child\" data-index=\"2\" >\t\r\n\r\n<style scope>\r\n.k-69dc219f94c19 {\r\n\r\n}\r\n<\/style>\t\t\r\n\r\n<div class=\"kradio-yayinakisi-container\">\r\n\r\n<ul id=\"yayinTab\">\r\n    <li >Pazartesi<\/li>\r\n    <li >Sal\u0131<\/li>\r\n    <li >\u00c7ar\u015famba<\/li>\r\n    <li >Per\u015fembe<\/li>\r\n    <li >Cuma<\/li>\r\n    <li >Cumartesi<\/li>\r\n    <li class=\"aktif\">Pazar<\/li>\r\n<\/ul>\r\n\t\t\t\r\n<div class=\"yayinContent \"><ul><li>\n\t\t<div class=\"yayin-foto\"><img decoding=\"async\" src=\"https:\/\/radyodilhun.com\/wp-content\/uploads\/2019\/05\/vinyl-records-945396_1280-150x150.jpg\" width:\"64\" height=\"64\"><\/div>\n\t\t<div class=\"programAdi\"><a href=\"https:\/\/radyodilhun.com\/index.php\/2019\/05\/25\/dilhundansecmeler\/\">Dilhundan Se\u00e7meler<\/a><\/div>\n\t\t<div class=\"saatler\"> 01.00 - 19.00<\/div>\n\t\t<\/li><li>\n\t\t<div class=\"yayin-foto\"><img decoding=\"async\" src=\"https:\/\/radyodilhun.com\/wp-content\/uploads\/2020\/12\/haberler-150x150.jpg\" width:\"64\" height=\"64\"><\/div>\n\t\t<div class=\"programAdi\"><a href=\"https:\/\/radyodilhun.com\/index.php\/2020\/12\/25\/haber-saati\/\">M\u00fcco ile Haberler Sende<\/a><\/div>\n\t\t<div class=\"saatler\"> 19.00 - 19.10<\/div>\n\t\t<\/li><li>\n\t\t<div class=\"yayin-foto\"><img decoding=\"async\" src=\"https:\/\/radyodilhun.com\/wp-content\/uploads\/2019\/05\/tiyatro-150x150.jpg\" width:\"64\" height=\"64\"><\/div>\n\t\t<div class=\"programAdi\"><a href=\"https:\/\/radyodilhun.com\/index.php\/2019\/05\/25\/radyotiyatrosu\/\">Radyo Tiyatrosu<\/a><\/div>\n\t\t<div class=\"saatler\"> 23.59 - 01.00<\/div>\n\t\t<\/li><\/ul><\/div>\r\n<div class=\"yayinContent \"><ul><li>\n\t\t<div class=\"yayin-foto\"><img decoding=\"async\" src=\"https:\/\/radyodilhun.com\/wp-content\/uploads\/2019\/05\/vinyl-records-945396_1280-150x150.jpg\" width:\"64\" height=\"64\"><\/div>\n\t\t<div class=\"programAdi\"><a href=\"https:\/\/radyodilhun.com\/index.php\/2019\/05\/25\/dilhundansecmeler\/\">Dilhundan Se\u00e7meler<\/a><\/div>\n\t\t<div class=\"saatler\"> 01.00 - 19.00<\/div>\n\t\t<\/li><li>\n\t\t<div class=\"yayin-foto\"><img decoding=\"async\" src=\"https:\/\/radyodilhun.com\/wp-content\/uploads\/2020\/12\/haberler-150x150.jpg\" width:\"64\" height=\"64\"><\/div>\n\t\t<div class=\"programAdi\"><a href=\"https:\/\/radyodilhun.com\/index.php\/2020\/12\/25\/haber-saati\/\">M\u00fcco ile Haberler Sende<\/a><\/div>\n\t\t<div class=\"saatler\"> 19.00 - 19.10<\/div>\n\t\t<\/li><li>\n\t\t<div class=\"yayin-foto\"><img decoding=\"async\" src=\"https:\/\/radyodilhun.com\/wp-content\/uploads\/2019\/05\/tiyatro-150x150.jpg\" width:\"64\" height=\"64\"><\/div>\n\t\t<div class=\"programAdi\"><a href=\"https:\/\/radyodilhun.com\/index.php\/2019\/05\/25\/radyotiyatrosu\/\">Radyo Tiyatrosu<\/a><\/div>\n\t\t<div class=\"saatler\"> 23.59 - 01.00<\/div>\n\t\t<\/li><\/ul><\/div>\r\n<div class=\"yayinContent \"><ul><li>\n\t\t<div class=\"yayin-foto\"><img decoding=\"async\" src=\"https:\/\/radyodilhun.com\/wp-content\/uploads\/2019\/05\/vinyl-records-945396_1280-150x150.jpg\" width:\"64\" height=\"64\"><\/div>\n\t\t<div class=\"programAdi\"><a href=\"https:\/\/radyodilhun.com\/index.php\/2019\/05\/25\/dilhundansecmeler\/\">Dilhundan Se\u00e7meler<\/a><\/div>\n\t\t<div class=\"saatler\"> 01.00 - 19.00<\/div>\n\t\t<\/li><li>\n\t\t<div class=\"yayin-foto\"><img decoding=\"async\" src=\"https:\/\/radyodilhun.com\/wp-content\/uploads\/2020\/12\/haberler-150x150.jpg\" width:\"64\" height=\"64\"><\/div>\n\t\t<div class=\"programAdi\"><a href=\"https:\/\/radyodilhun.com\/index.php\/2020\/12\/25\/haber-saati\/\">M\u00fcco ile Haberler Sende<\/a><\/div>\n\t\t<div class=\"saatler\"> 19.00 - 19.10<\/div>\n\t\t<\/li><li>\n\t\t<div class=\"yayin-foto\"><img decoding=\"async\" src=\"https:\/\/radyodilhun.com\/wp-content\/uploads\/2019\/05\/tiyatro-150x150.jpg\" width:\"64\" height=\"64\"><\/div>\n\t\t<div class=\"programAdi\"><a href=\"https:\/\/radyodilhun.com\/index.php\/2019\/05\/25\/radyotiyatrosu\/\">Radyo Tiyatrosu<\/a><\/div>\n\t\t<div class=\"saatler\"> 23.59 - 01.00<\/div>\n\t\t<\/li><\/ul><\/div>\r\n<div class=\"yayinContent \"><ul><li>\n\t\t<div class=\"yayin-foto\"><img decoding=\"async\" src=\"https:\/\/radyodilhun.com\/wp-content\/uploads\/2019\/05\/vinyl-records-945396_1280-150x150.jpg\" width:\"64\" height=\"64\"><\/div>\n\t\t<div class=\"programAdi\"><a href=\"https:\/\/radyodilhun.com\/index.php\/2019\/05\/25\/dilhundansecmeler\/\">Dilhundan Se\u00e7meler<\/a><\/div>\n\t\t<div class=\"saatler\"> 01.00 - 19.00<\/div>\n\t\t<\/li><li>\n\t\t<div class=\"yayin-foto\"><img decoding=\"async\" src=\"https:\/\/radyodilhun.com\/wp-content\/uploads\/2020\/12\/haberler-150x150.jpg\" width:\"64\" height=\"64\"><\/div>\n\t\t<div class=\"programAdi\"><a href=\"https:\/\/radyodilhun.com\/index.php\/2020\/12\/25\/haber-saati\/\">M\u00fcco ile Haberler Sende<\/a><\/div>\n\t\t<div class=\"saatler\"> 19.00 - 19.10<\/div>\n\t\t<\/li><li>\n\t\t<div class=\"yayin-foto\"><img decoding=\"async\" src=\"https:\/\/radyodilhun.com\/wp-content\/uploads\/2019\/05\/tiyatro-150x150.jpg\" width:\"64\" height=\"64\"><\/div>\n\t\t<div class=\"programAdi\"><a href=\"https:\/\/radyodilhun.com\/index.php\/2019\/05\/25\/radyotiyatrosu\/\">Radyo Tiyatrosu<\/a><\/div>\n\t\t<div class=\"saatler\"> 23.59 - 01.00<\/div>\n\t\t<\/li><\/ul><\/div>\r\n<div class=\"yayinContent \"><ul><li>\n\t\t<div class=\"yayin-foto\"><img decoding=\"async\" src=\"https:\/\/radyodilhun.com\/wp-content\/uploads\/2019\/05\/vinyl-records-945396_1280-150x150.jpg\" width:\"64\" height=\"64\"><\/div>\n\t\t<div class=\"programAdi\"><a href=\"https:\/\/radyodilhun.com\/index.php\/2019\/05\/25\/dilhundansecmeler\/\">Dilhundan Se\u00e7meler<\/a><\/div>\n\t\t<div class=\"saatler\"> 01.00 - 19.00<\/div>\n\t\t<\/li><li>\n\t\t<div class=\"yayin-foto\"><img decoding=\"async\" src=\"https:\/\/radyodilhun.com\/wp-content\/uploads\/2020\/12\/haberler-150x150.jpg\" width:\"64\" height=\"64\"><\/div>\n\t\t<div class=\"programAdi\"><a href=\"https:\/\/radyodilhun.com\/index.php\/2020\/12\/25\/haber-saati\/\">M\u00fcco ile Haberler Sende<\/a><\/div>\n\t\t<div class=\"saatler\"> 19.00 - 19.10<\/div>\n\t\t<\/li><li>\n\t\t<div class=\"yayin-foto\"><img decoding=\"async\" src=\"https:\/\/radyodilhun.com\/wp-content\/uploads\/2019\/05\/tiyatro-150x150.jpg\" width:\"64\" height=\"64\"><\/div>\n\t\t<div class=\"programAdi\"><a href=\"https:\/\/radyodilhun.com\/index.php\/2019\/05\/25\/radyotiyatrosu\/\">Radyo Tiyatrosu<\/a><\/div>\n\t\t<div class=\"saatler\"> 23.59 - 01.00<\/div>\n\t\t<\/li><\/ul><\/div>\r\n<div class=\"yayinContent \"><ul><li>\n\t\t<div class=\"yayin-foto\"><img decoding=\"async\" src=\"https:\/\/radyodilhun.com\/wp-content\/uploads\/2019\/05\/vinyl-records-945396_1280-150x150.jpg\" width:\"64\" height=\"64\"><\/div>\n\t\t<div class=\"programAdi\"><a href=\"https:\/\/radyodilhun.com\/index.php\/2019\/05\/25\/dilhundansecmeler\/\">Dilhundan Se\u00e7meler<\/a><\/div>\n\t\t<div class=\"saatler\"> 01.00 - 19.00<\/div>\n\t\t<\/li><li>\n\t\t<div class=\"yayin-foto\"><img decoding=\"async\" src=\"https:\/\/radyodilhun.com\/wp-content\/uploads\/2019\/05\/pexels-photo-290657-150x150.jpeg\" width:\"64\" height=\"64\"><\/div>\n\t\t<div class=\"programAdi\"><a href=\"https:\/\/radyodilhun.com\/index.php\/2019\/05\/24\/nostaljikusagi\/\">Nostalji Ku\u015fa\u011f\u0131<\/a><\/div>\n\t\t<div class=\"saatler\"> 15.00 - 17.00<\/div>\n\t\t<\/li><li>\n\t\t<div class=\"yayin-foto\"><img decoding=\"async\" src=\"https:\/\/radyodilhun.com\/wp-content\/uploads\/2019\/05\/radio-821602_1280-e1609666091334-150x150.jpg\" width:\"64\" height=\"64\"><\/div>\n\t\t<div class=\"programAdi\"><a href=\"https:\/\/radyodilhun.com\/index.php\/2019\/05\/25\/zamantuneli2000\/\">Zaman T\u00fcneli 2000<\/a><\/div>\n\t\t<div class=\"saatler\"> 17.00 - 19.00<\/div>\n\t\t<\/li><li>\n\t\t<div class=\"yayin-foto\"><img decoding=\"async\" src=\"https:\/\/radyodilhun.com\/wp-content\/uploads\/2020\/12\/haberler-150x150.jpg\" width:\"64\" height=\"64\"><\/div>\n\t\t<div class=\"programAdi\"><a href=\"https:\/\/radyodilhun.com\/index.php\/2020\/12\/25\/haber-saati\/\">M\u00fcco ile Haberler Sende<\/a><\/div>\n\t\t<div class=\"saatler\"> 19.00 - 19.10<\/div>\n\t\t<\/li><li>\n\t\t<div class=\"yayin-foto\"><img decoding=\"async\" src=\"https:\/\/radyodilhun.com\/wp-content\/uploads\/2019\/05\/radyojpg-kucuk-150x150.jpg\" width:\"64\" height=\"64\"><\/div>\n\t\t<div class=\"programAdi\"><a href=\"https:\/\/radyodilhun.com\/index.php\/2021\/01\/01\/djmeftun\/\">Meftun ile H\u00fczne Davet<\/a><\/div>\n\t\t<div class=\"saatler\"> 20.00 - 21.00<\/div>\n\t\t<\/li><li>\n\t\t<div class=\"yayin-foto\"><img decoding=\"async\" src=\"https:\/\/radyodilhun.com\/wp-content\/uploads\/2019\/05\/tiyatro-150x150.jpg\" width:\"64\" height=\"64\"><\/div>\n\t\t<div class=\"programAdi\"><a href=\"https:\/\/radyodilhun.com\/index.php\/2019\/05\/25\/radyotiyatrosu\/\">Radyo Tiyatrosu<\/a><\/div>\n\t\t<div class=\"saatler\"> 23.59 - 01.00<\/div>\n\t\t<\/li><\/ul><\/div>\r\n<div class=\"yayinContent y-content-active\"><ul><li>\n\t\t<div class=\"yayin-foto\"><img decoding=\"async\" src=\"https:\/\/radyodilhun.com\/wp-content\/uploads\/2019\/05\/vinyl-records-945396_1280-150x150.jpg\" width:\"64\" height=\"64\"><\/div>\n\t\t<div class=\"programAdi\"><a href=\"https:\/\/radyodilhun.com\/index.php\/2019\/05\/25\/dilhundansecmeler\/\">Dilhundan Se\u00e7meler<\/a><\/div>\n\t\t<div class=\"saatler\"> 01.00 - 19.00<\/div>\n\t\t<\/li><li>\n\t\t<div class=\"yayin-foto\"><img decoding=\"async\" src=\"https:\/\/radyodilhun.com\/wp-content\/uploads\/2019\/05\/pexels-photo-290657-150x150.jpeg\" width:\"64\" height=\"64\"><\/div>\n\t\t<div class=\"programAdi\"><a href=\"https:\/\/radyodilhun.com\/index.php\/2019\/05\/24\/nostaljikusagi\/\">Nostalji Ku\u015fa\u011f\u0131<\/a><\/div>\n\t\t<div class=\"saatler\"> 15.00 - 17.00<\/div>\n\t\t<\/li><li>\n\t\t<div class=\"yayin-foto\"><img decoding=\"async\" src=\"https:\/\/radyodilhun.com\/wp-content\/uploads\/2019\/05\/radio-821602_1280-e1609666091334-150x150.jpg\" width:\"64\" height=\"64\"><\/div>\n\t\t<div class=\"programAdi\"><a href=\"https:\/\/radyodilhun.com\/index.php\/2019\/05\/25\/zamantuneli2000\/\">Zaman T\u00fcneli 2000<\/a><\/div>\n\t\t<div class=\"saatler\"> 17.00 - 19.00<\/div>\n\t\t<\/li><li>\n\t\t<div class=\"yayin-foto\"><img decoding=\"async\" src=\"https:\/\/radyodilhun.com\/wp-content\/uploads\/2020\/12\/haberler-150x150.jpg\" width:\"64\" height=\"64\"><\/div>\n\t\t<div class=\"programAdi\"><a href=\"https:\/\/radyodilhun.com\/index.php\/2020\/12\/25\/haber-saati\/\">M\u00fcco ile Haberler Sende<\/a><\/div>\n\t\t<div class=\"saatler\"> 19.00 - 19.10<\/div>\n\t\t<\/li><li>\n\t\t<div class=\"yayin-foto\"><img decoding=\"async\" src=\"https:\/\/radyodilhun.com\/wp-content\/uploads\/2019\/05\/tiyatro-150x150.jpg\" width:\"64\" height=\"64\"><\/div>\n\t\t<div class=\"programAdi\"><a href=\"https:\/\/radyodilhun.com\/index.php\/2019\/05\/25\/radyotiyatrosu\/\">Radyo Tiyatrosu<\/a><\/div>\n\t\t<div class=\"saatler\"> 23.59 - 01.00<\/div>\n\t\t<\/li><\/ul><\/div>\r\n <\/div>\r\n\t \r\n\r\n\r\n\r\n        <\/div><\/div><\/div><\/div><\/div>","protected":false},"excerpt":{"rendered":"<p>YAYIN AKI\u015eI Pazartesi Sal\u0131 \u00c7ar\u015famba Per\u015fembe Cuma Cumartesi Pazar Dilhundan Se\u00e7meler 01.00 &#8211; 19.00 M\u00fcco ile Haberler Sende 19.00 &#8211; 19.10 Radyo Tiyatrosu 23.59 &#8211; 01.00 Dilhundan Se\u00e7meler 01.00 &#8211; 19.00 M\u00fcco ile Haberler Sende 19.00 &#8211; 19.10 Radyo Tiyatrosu 23.59 &#8211; 01.00 Dilhundan Se\u00e7meler 01.00 &#8211; 19.00 M\u00fcco ile Haberler Sende 19.00 &#8211; 19.10 [&hellip;]<\/p>\n","protected":false},"author":1,"featured_media":0,"parent":0,"menu_order":0,"comment_status":"closed","ping_status":"closed","template":"template-parts\/content-front-page.php","meta":{"_uf_show_specific_survey":0,"_uf_disable_surveys":false,"footnotes":""},"class_list":["post-15","page","type-page","status-publish","hentry"],"_links":{"self":[{"href":"https:\/\/radyodilhun.com\/index.php\/wp-json\/wp\/v2\/pages\/15","targetHints":{"allow":["GET"]}}],"collection":[{"href":"https:\/\/radyodilhun.com\/index.php\/wp-json\/wp\/v2\/pages"}],"about":[{"href":"https:\/\/radyodilhun.com\/index.php\/wp-json\/wp\/v2\/types\/page"}],"author":[{"embeddable":true,"href":"https:\/\/radyodilhun.com\/index.php\/wp-json\/wp\/v2\/users\/1"}],"replies":[{"embeddable":true,"href":"https:\/\/radyodilhun.com\/index.php\/wp-json\/wp\/v2\/comments?post=15"}],"version-history":[{"count":3,"href":"https:\/\/radyodilhun.com\/index.php\/wp-json\/wp\/v2\/pages\/15\/revisions"}],"predecessor-version":[{"id":399,"href":"https:\/\/radyodilhun.com\/index.php\/wp-json\/wp\/v2\/pages\/15\/revisions\/399"}],"wp:attachment":[{"href":"https:\/\/radyodilhun.com\/index.php\/wp-json\/wp\/v2\/media?parent=15"}],"curies":[{"name":"wp","href":"https:\/\/api.w.org\/{rel}","templated":true}]}}