{"id":13,"date":"2019-05-24T22:15:02","date_gmt":"2019-05-24T19:15:02","guid":{"rendered":"http:\/\/demo.cizoglubilisim.com\/KRadio-1\/?page_id=13"},"modified":"2025-12-20T00:30:33","modified_gmt":"2025-12-19T21:30:33","slug":"programlar","status":"publish","type":"page","link":"https:\/\/radyodilhun.com\/index.php\/programlar\/","title":{"rendered":"Programlar"},"content":{"rendered":"<div id=\"pl-13\"  class=\"panel-layout\" ><div id=\"pg-13-0\"  class=\"panel-grid panel-has-style k-radio-container-full\" ><div class=\"siteorigin-panels-stretch panel-row-style panel-row-style-for-13-0\" data-stretch-type=\"full\" ><div id=\"pgc-13-0-0\"  class=\"panel-grid-cell\" ><div id=\"panel-13-0-0-0\" class=\"so-panel widget widget_sow-image panel-first-child panel-last-child\" data-index=\"0\" ><div\n\t\t\t\n\t\t\tclass=\"so-widget-sow-image so-widget-sow-image-default-8b5b6f678277-13\"\n\t\t\t\n\t\t>\n<div class=\"sow-image-container\">\n\t\t<img \n\tsrc=\"https:\/\/radyodilhun.com\/wp-content\/uploads\/2019\/05\/mic.jpg\" width=\"1920\" height=\"298\" srcset=\"https:\/\/radyodilhun.com\/wp-content\/uploads\/2019\/05\/mic.jpg 1920w, https:\/\/radyodilhun.com\/wp-content\/uploads\/2019\/05\/mic-300x47.jpg 300w, https:\/\/radyodilhun.com\/wp-content\/uploads\/2019\/05\/mic-1024x159.jpg 1024w, https:\/\/radyodilhun.com\/wp-content\/uploads\/2019\/05\/mic-768x119.jpg 768w, https:\/\/radyodilhun.com\/wp-content\/uploads\/2019\/05\/mic-1536x238.jpg 1536w\" sizes=\"(max-width: 1920px) 100vw, 1920px\" alt=\"\" \t\tclass=\"so-widget-image\"\/>\n\t<\/div>\n\n<\/div><\/div><\/div><\/div><\/div><div id=\"pg-13-1\"  class=\"panel-grid panel-has-style k-radio-container\" ><div class=\"panel-row-style panel-row-style-for-13-1\" ><div id=\"pgc-13-1-0\"  class=\"panel-grid-cell\" ><div id=\"panel-13-1-0-0\" class=\"so-panel widget widget_kradio_baslik panel-first-child\" data-index=\"1\" >\r\n    <style scope>\r\n        .baslik-69dc21a611d35 {\r\n            color: #424242 ;\r\n            font-size: 32px;\r\n            font-weight: 700;\r\n            letter-spacing: 8px;\r\n            display: flex;\r\n            align-items: center;\r\n            white-space: nowrap;\r\n        }\r\n\r\n        .baslik-69dc21a611d35:after {\r\n            content: \"\";\r\n            position: relative;\r\n            display: flex;\r\n            height: 7px;\r\n            align-items: center;\r\n            width: 100%;\r\n            background: #00bcd4;\r\n            border-radius: 4px;\r\n        }\r\n\r\n        .baslik-player-69dc21a611d35{\r\n            color:#00bcd4;\r\n            font-size:50px;\r\n\r\n        }\r\n    <\/style>\r\n\r\n\r\n <div class=\"KRadio_Baslik baslik-69dc21a611d35\">\r\n <span class=\"icon-if_control-play_1288804 baslik-player-69dc21a611d35\"><\/span>\r\nPROGRAMLAR    <\/div>\r\n\r\n        <\/div><div id=\"panel-13-1-0-1\" class=\"so-panel widget widget_kradio_programlar panel-last-child\" data-index=\"2\" >\r\n<style scope>\r\n.kradio-programlar-container {\r\n  display: flex;\r\n  flex-wrap: wrap;\r\n  margin: 0px -15px;\r\n}\r\n\r\n.kradio-programlar {\r\n    flex-grow: unset;\r\n    flex: 1 0 30%;\r\n    margin: 0px 15px;\r\n    position:relative;\r\n    overflow:hidden;\r\n}\r\n\r\n.image-container {\r\n\toverflow: hidden;\r\n    max-height: 280px;\r\n    line-height:0.7;\r\n\tborder-radius: 10px;\r\n}\r\n\r\n\r\n.kradio-programlar > a img {\r\n    height: 280px;\r\n    object-fit: cover;\r\n    width: 100%;\r\n\tborder-radius: 10px;\t\r\n}\r\n\r\n\r\n.kradio-programlar > a {\r\n    color: #000;\r\n    text-decoration:none;\r\n}\r\n\r\n.kradio-programlar > a > h3 {\r\n    text-transform: uppercase;\r\n    display: flex;\r\n    align-items: center;\r\n\tcolor:#000;\r\n    margin: 10px 0px 30px 0px;\r\n}\r\n\r\n.kradio-programlar > a > h3:before {\r\n    content: \"\";\r\n    position: relative;\r\n    display: flex;\r\n    height: 7px;\r\n    margin-right:10px;\r\n    align-items: center;\r\n    width: 10%;\r\n    background: #ffeb3b;\r\n    border-radius: 4px;\r\n}\r\n\r\n.sutun-69dc21a611d5f {\r\nflex: 1 0 30%;\r\n}\r\n<\/style>\t\t\r\n\r\n\r\n\t\r\n\r\n\r\n<div class=\"kradio-programlar-container\">\r\n\r\n\r\n<div class=\"kradio-programlar sutun-69dc21a611d5f\">\r\n<a href=\"https:\/\/radyodilhun.com\/index.php\/2021\/01\/01\/djmeftun\/\" title=\"Meftun ile H\u00fczne Davet\">\r\n<div class=\"image-container image-effect\">\r\n<img decoding=\"async\" src=\"https:\/\/radyodilhun.com\/wp-content\/uploads\/2019\/05\/radyojpg-kucuk.jpg\">\r\n<\/div>\r\n<h3>Meftun ile H\u00fczne Davet<\/h3> \r\n<\/a>\r\n\r\n    <\/div><!--.kradio-programlar -->\r\n\r\n\r\n<div class=\"kradio-programlar sutun-69dc21a611d5f\">\r\n<a href=\"https:\/\/radyodilhun.com\/index.php\/2020\/12\/20\/djhyuga\/\" title=\"Suk\u00fbtuhayal D\u00fcnyas\u0131\">\r\n<div class=\"image-container image-effect\">\r\n<img decoding=\"async\" src=\"https:\/\/radyodilhun.com\/wp-content\/uploads\/2020\/12\/hyuga-2.-reklamsiz-post-683x1024.jpg\">\r\n<\/div>\r\n<h3>Suk\u00fbtuhayal D\u00fcnyas\u0131<\/h3> \r\n<\/a>\r\n\r\n    <\/div><!--.kradio-programlar -->\r\n\r\n\r\n<div class=\"kradio-programlar sutun-69dc21a611d5f\">\r\n<a href=\"https:\/\/radyodilhun.com\/index.php\/2019\/05\/25\/dj-kayra-ile-zamansiz\/\" title=\"Dj Kayra\">\r\n<div class=\"image-container image-effect\">\r\n<img decoding=\"async\" src=\"https:\/\/radyodilhun.com\/wp-content\/uploads\/2019\/05\/amplifier-768536_640.png\">\r\n<\/div>\r\n<h3>Dj Kayra<\/h3> \r\n<\/a>\r\n\r\n    <\/div><!--.kradio-programlar -->\r\n\r\n\r\n<div class=\"kradio-programlar sutun-69dc21a611d5f\">\r\n<a href=\"https:\/\/radyodilhun.com\/index.php\/2019\/05\/25\/radyotiyatrosu\/\" title=\"Radyo Tiyatrosu\">\r\n<div class=\"image-container image-effect\">\r\n<img decoding=\"async\" src=\"https:\/\/radyodilhun.com\/wp-content\/uploads\/2019\/05\/tiyatro-1024x768.jpg\">\r\n<\/div>\r\n<h3>Radyo Tiyatrosu<\/h3> \r\n<\/a>\r\n\r\n    <\/div><!--.kradio-programlar -->\r\n\r\n\r\n<div class=\"kradio-programlar sutun-69dc21a611d5f\">\r\n<a href=\"https:\/\/radyodilhun.com\/index.php\/2019\/05\/25\/didem-yayinda\/\" title=\"Didem Yay\u0131nda\">\r\n<div class=\"image-container image-effect\">\r\n<img decoding=\"async\" src=\"https:\/\/radyodilhun.com\/wp-content\/uploads\/2019\/05\/girl-791686_640.jpg\">\r\n<\/div>\r\n<h3>Didem Yay\u0131nda<\/h3> \r\n<\/a>\r\n\r\n    <\/div><!--.kradio-programlar -->\r\n\r\n\r\n<div class=\"kradio-programlar sutun-69dc21a611d5f\">\r\n<a href=\"https:\/\/radyodilhun.com\/index.php\/2019\/05\/25\/dilhundansecmeler\/\" title=\"Dilhundan Se\u00e7meler\">\r\n<div class=\"image-container image-effect\">\r\n<img decoding=\"async\" src=\"https:\/\/radyodilhun.com\/wp-content\/uploads\/2019\/05\/vinyl-records-945396_1280-1024x682.jpg\">\r\n<\/div>\r\n<h3>Dilhundan Se\u00e7meler<\/h3> \r\n<\/a>\r\n\r\n    <\/div><!--.kradio-programlar -->\r\n\r\n\r\n<div class=\"kradio-programlar sutun-69dc21a611d5f\">\r\n<a href=\"https:\/\/radyodilhun.com\/index.php\/2019\/05\/25\/zamantuneli2000\/\" title=\"Zaman T\u00fcneli 2000\">\r\n<div class=\"image-container image-effect\">\r\n<img decoding=\"async\" src=\"https:\/\/radyodilhun.com\/wp-content\/uploads\/2019\/05\/radio-821602_1280-e1609666091334-1024x346.jpg\">\r\n<\/div>\r\n<h3>Zaman T\u00fcneli 2000<\/h3> \r\n<\/a>\r\n\r\n    <\/div><!--.kradio-programlar -->\r\n\r\n\r\n<div class=\"kradio-programlar sutun-69dc21a611d5f\">\r\n<a href=\"https:\/\/radyodilhun.com\/index.php\/2019\/05\/25\/dj-kemal-cizoglu\/\" title=\"DJ Kemal CIZO\u011eLU\">\r\n<div class=\"image-container image-effect\">\r\n<img decoding=\"async\" src=\"https:\/\/radyodilhun.com\/wp-content\/uploads\/2019\/05\/hip-hop-1912921_1280-1024x682.jpg\">\r\n<\/div>\r\n<h3>DJ Kemal CIZO\u011eLU<\/h3> \r\n<\/a>\r\n\r\n    <\/div><!--.kradio-programlar -->\r\n\r\n\r\n<div class=\"kradio-programlar sutun-69dc21a611d5f\">\r\n<a href=\"https:\/\/radyodilhun.com\/index.php\/2019\/05\/24\/nostaljikusagi\/\" title=\"Nostalji Ku\u015fa\u011f\u0131\">\r\n<div class=\"image-container image-effect\">\r\n<img decoding=\"async\" src=\"https:\/\/radyodilhun.com\/wp-content\/uploads\/2019\/05\/pexels-photo-290657-1024x499.jpeg\">\r\n<\/div>\r\n<h3>Nostalji Ku\u015fa\u011f\u0131<\/h3> \r\n<\/a>\r\n\r\n    <\/div><!--.kradio-programlar -->\r\n\r\n\r\n <\/div>\r\n\t \r\n\r\n\r\n\r\n        <\/div><\/div><\/div><\/div><\/div>","protected":false},"excerpt":{"rendered":"","protected":false},"author":1,"featured_media":0,"parent":0,"menu_order":0,"comment_status":"closed","ping_status":"closed","template":"template-parts\/content-front-page.php","meta":{"_uf_show_specific_survey":0,"_uf_disable_surveys":false,"footnotes":""},"class_list":["post-13","page","type-page","status-publish","hentry"],"_links":{"self":[{"href":"https:\/\/radyodilhun.com\/index.php\/wp-json\/wp\/v2\/pages\/13","targetHints":{"allow":["GET"]}}],"collection":[{"href":"https:\/\/radyodilhun.com\/index.php\/wp-json\/wp\/v2\/pages"}],"about":[{"href":"https:\/\/radyodilhun.com\/index.php\/wp-json\/wp\/v2\/types\/page"}],"author":[{"embeddable":true,"href":"https:\/\/radyodilhun.com\/index.php\/wp-json\/wp\/v2\/users\/1"}],"replies":[{"embeddable":true,"href":"https:\/\/radyodilhun.com\/index.php\/wp-json\/wp\/v2\/comments?post=13"}],"version-history":[{"count":5,"href":"https:\/\/radyodilhun.com\/index.php\/wp-json\/wp\/v2\/pages\/13\/revisions"}],"predecessor-version":[{"id":404,"href":"https:\/\/radyodilhun.com\/index.php\/wp-json\/wp\/v2\/pages\/13\/revisions\/404"}],"wp:attachment":[{"href":"https:\/\/radyodilhun.com\/index.php\/wp-json\/wp\/v2\/media?parent=13"}],"curies":[{"name":"wp","href":"https:\/\/api.w.org\/{rel}","templated":true}]}}